{"id":1035881,"date":"2018-01-08T05:44:20","date_gmt":"2018-01-08T05:44:20","guid":{"rendered":"http:\/\/tiger-recruitment.com\/auf-der-suche-nach-einem-job\/temporary\/"},"modified":"2025-07-04T09:55:52","modified_gmt":"2025-07-04T08:55:52","slug":"zeitarbeit","status":"publish","type":"page","link":"https:\/\/tiger-recruitment.com\/ch-de\/auf-der-suche-nach-einem-job\/zeitarbeit\/","title":{"rendered":"Zeitarbeit"},"content":{"rendered":"","protected":false},"excerpt":{"rendered":"<p>Tiger Recruitment is a well-established temping agency in London with a proven track record of placing candidates in a wide range of skilled temping jobs in London and internationally.\u00a0By registering for temporary work with us, you\u2019ll have access to temp jobs with employers that span all major industry sectors.<br \/>\nWe will do our best to find you work in the industry best suited to your skillset, experience and professional goals, although flexibility is vital for all temporary jobs.<br \/>\nThere is a constant need for candidates who can provide reception cover and we also recruit a range of team assistant, PA, HR advisor jobs and temporary admin jobs in London and further afield.<\/p>\n","protected":false},"author":5,"featured_media":0,"parent":1035739,"menu_order":50,"comment_status":"closed","ping_status":"closed","template":"page-blank.php","meta":{"_acf_changed":false,"footnotes":""},"class_list":["post-1035881","page","type-page","status-publish","hentry"],"acf":[],"yoast_head":"<!-- This site is optimized with the Yoast SEO plugin v27.1.1 - https:\/\/yoast.com\/product\/yoast-seo-wordpress\/ -->\n<title>Finden Sie Tempor\u00e4rjobs, die f\u00fcr Sie in Z\u00fcrich, Genf und Zug<\/title>\n<meta name=\"description\" content=\"Auf der Suche nach Aushilfe in Z\u00fcrich? Von kurz- bis langfristig, am n\u00e4chsten Tag und auf Vertragsbasis k\u00f6nnen die Berater von Tiger dabei helfen, den perfekten Zeitarbeitsjob zu finden\" \/>\n<meta name=\"robots\" content=\"index, follow, max-snippet:-1, max-image-preview:large, max-video-preview:-1\" \/>\n<link rel=\"canonical\" href=\"https:\/\/tiger-recruitment.com\/ch-de\/auf-der-suche-nach-einem-job\/zeitarbeit\/\" \/>\n<meta property=\"og:locale\" content=\"de_DE\" \/>\n<meta property=\"og:type\" content=\"article\" \/>\n<meta property=\"og:title\" content=\"Finden Sie Tempor\u00e4rjobs, die f\u00fcr Sie in Z\u00fcrich, Genf und Zug\" \/>\n<meta property=\"og:description\" content=\"Auf der Suche nach Aushilfe in Z\u00fcrich? Von kurz- bis langfristig, am n\u00e4chsten Tag und auf Vertragsbasis k\u00f6nnen die Berater von Tiger dabei helfen, den perfekten Zeitarbeitsjob zu finden\" \/>\n<meta property=\"og:url\" content=\"https:\/\/tiger-recruitment.com\/ch-de\/auf-der-suche-nach-einem-job\/zeitarbeit\/\" \/>\n<meta property=\"og:site_name\" content=\"Tiger Recruitment\" \/>\n<meta property=\"article:publisher\" content=\"https:\/\/www.facebook.com\/tigerrecruitment.ltd\/\" \/>\n<meta property=\"article:modified_time\" content=\"2025-07-04T08:55:52+00:00\" \/>\n<meta name=\"twitter:card\" content=\"summary_large_image\" \/>\n<meta name=\"twitter:site\" content=\"@tigerrecruit\" \/>\n<!-- \/ Yoast SEO plugin. -->","yoast_head_json":{"title":"Finden Sie Tempor\u00e4rjobs, die f\u00fcr Sie in Z\u00fcrich, Genf und Zug","description":"Auf der Suche nach Aushilfe in Z\u00fcrich? Von kurz- bis langfristig, am n\u00e4chsten Tag und auf Vertragsbasis k\u00f6nnen die Berater von Tiger dabei helfen, den perfekten Zeitarbeitsjob zu finden","robots":{"index":"index","follow":"follow","max-snippet":"max-snippet:-1","max-image-preview":"max-image-preview:large","max-video-preview":"max-video-preview:-1"},"canonical":"https:\/\/tiger-recruitment.com\/ch-de\/auf-der-suche-nach-einem-job\/zeitarbeit\/","og_locale":"de_DE","og_type":"article","og_title":"Finden Sie Tempor\u00e4rjobs, die f\u00fcr Sie in Z\u00fcrich, Genf und Zug","og_description":"Auf der Suche nach Aushilfe in Z\u00fcrich? Von kurz- bis langfristig, am n\u00e4chsten Tag und auf Vertragsbasis k\u00f6nnen die Berater von Tiger dabei helfen, den perfekten Zeitarbeitsjob zu finden","og_url":"https:\/\/tiger-recruitment.com\/ch-de\/auf-der-suche-nach-einem-job\/zeitarbeit\/","og_site_name":"Tiger Recruitment","article_publisher":"https:\/\/www.facebook.com\/tigerrecruitment.ltd\/","article_modified_time":"2025-07-04T08:55:52+00:00","twitter_card":"summary_large_image","twitter_site":"@tigerrecruit","schema":{"@context":"https:\/\/schema.org","@graph":[]}},"_links":{"self":[{"href":"https:\/\/tiger-recruitment.com\/ch-de\/wp-json\/wp\/v2\/pages\/1035881","targetHints":{"allow":["GET"]}}],"collection":[{"href":"https:\/\/tiger-recruitment.com\/ch-de\/wp-json\/wp\/v2\/pages"}],"about":[{"href":"https:\/\/tiger-recruitment.com\/ch-de\/wp-json\/wp\/v2\/types\/page"}],"author":[{"embeddable":true,"href":"https:\/\/tiger-recruitment.com\/ch-de\/wp-json\/wp\/v2\/users\/5"}],"replies":[{"embeddable":true,"href":"https:\/\/tiger-recruitment.com\/ch-de\/wp-json\/wp\/v2\/comments?post=1035881"}],"version-history":[{"count":0,"href":"https:\/\/tiger-recruitment.com\/ch-de\/wp-json\/wp\/v2\/pages\/1035881\/revisions"}],"up":[{"embeddable":true,"href":"https:\/\/tiger-recruitment.com\/ch-de\/wp-json\/wp\/v2\/pages\/1035739"}],"wp:attachment":[{"href":"https:\/\/tiger-recruitment.com\/ch-de\/wp-json\/wp\/v2\/media?parent=1035881"}],"curies":[{"name":"wp","href":"https:\/\/api.w.org\/{rel}","templated":true}]}}