{"id":1035857,"date":"2018-01-08T05:43:34","date_gmt":"2018-01-08T05:43:34","guid":{"rendered":"http:\/\/tiger-recruitment.com\/auf-der-suche-nach-einem-job\/private\/"},"modified":"2025-07-01T17:08:59","modified_gmt":"2025-07-01T16:08:59","slug":"privat","status":"publish","type":"page","link":"https:\/\/tiger-recruitment.com\/ch-de\/auf-der-suche-nach-einem-job\/privat\/","title":{"rendered":"Privat"},"content":{"rendered":"<h1>A Private Recruitment Agency<\/h1>\n<p>Tiger Private is home to a dedicated private staff agency, which specialises exclusively in matching talented individuals with private households and family offices.<\/p>\n<p>The Tiger Private consultants are highly experienced household and family office recruitment specialists, having all worked as private PAs, chiefs of staff and lifestyle managers themselves.<\/p>\n<h2>A tailored approach<\/h2>\n<p>Because we are uniquely placed to understand the challenges of both candidates and clients working within this sector, we possess an unrivalled expertise that sets us apart from other private recruitment consultancies in London.<\/p>\n<p>Our in-depth knowledge means that we can guide you through the recruitment process, offering all the expert advice that you\u2019d expect from a market-leading private recruitment agency, every step of the way.<br \/>\nWe work with some of the most prestigious family offices and households, both in the UK and internationally.<\/p>\n","protected":false},"excerpt":{"rendered":"<p>A Private Recruitment Agency Tiger Private is home to a dedicated private staff agency, which specialises exclusively in matching talented individuals with private households and family offices. The Tiger Private consultants are highly experienced household and family office recruitment specialists, having all worked as private PAs, chiefs of staff and lifestyle managers themselves. A tailored<\/p>\n<p><a class=\"read-more\" href=\"https:\/\/tiger-recruitment.com\/ch-de\/auf-der-suche-nach-einem-job\/privat\/\">Read more<\/a><\/p>\n","protected":false},"author":5,"featured_media":0,"parent":1035739,"menu_order":20,"comment_status":"closed","ping_status":"closed","template":"page-blank.php","meta":{"_acf_changed":false,"footnotes":""},"class_list":["post-1035857","page","type-page","status-publish","hentry"],"acf":[],"yoast_head":"<!-- This site is optimized with the Yoast SEO plugin v27.1.1 - https:\/\/yoast.com\/product\/yoast-seo-wordpress\/ -->\n<title>Private Support-Jobs | Stellenangebote im Bereich Domestic und Family Office<\/title>\n<meta name=\"description\" content=\"Auf der Suche nach Arbeit f\u00fcr Privathaushalte und Family Offices? Tiger Z\u00fcrich rekrutiert f\u00fcr pers\u00f6nliche Assistentenjobs, private Chauffeurjobs, Nannyjobs und mehr.\" \/>\n<meta name=\"robots\" content=\"index, follow, max-snippet:-1, max-image-preview:large, max-video-preview:-1\" \/>\n<link rel=\"canonical\" href=\"https:\/\/tiger-recruitment.com\/ch-de\/auf-der-suche-nach-einem-job\/privat\/\" \/>\n<meta property=\"og:locale\" content=\"de_DE\" \/>\n<meta property=\"og:type\" content=\"article\" \/>\n<meta property=\"og:title\" content=\"Private Support-Jobs | Stellenangebote im Bereich Domestic und Family Office\" \/>\n<meta property=\"og:description\" content=\"Auf der Suche nach Arbeit f\u00fcr Privathaushalte und Family Offices? Tiger Z\u00fcrich rekrutiert f\u00fcr pers\u00f6nliche Assistentenjobs, private Chauffeurjobs, Nannyjobs und mehr.\" \/>\n<meta property=\"og:url\" content=\"https:\/\/tiger-recruitment.com\/ch-de\/auf-der-suche-nach-einem-job\/privat\/\" \/>\n<meta property=\"og:site_name\" content=\"Tiger Recruitment\" \/>\n<meta property=\"article:publisher\" content=\"https:\/\/www.facebook.com\/tigerrecruitment.ltd\/\" \/>\n<meta property=\"article:modified_time\" content=\"2025-07-01T16:08:59+00:00\" \/>\n<meta name=\"twitter:card\" content=\"summary_large_image\" \/>\n<meta name=\"twitter:site\" content=\"@tigerrecruit\" \/>\n<!-- \/ Yoast SEO plugin. -->","yoast_head_json":{"title":"Private Support-Jobs | Stellenangebote im Bereich Domestic und Family Office","description":"Auf der Suche nach Arbeit f\u00fcr Privathaushalte und Family Offices? Tiger Z\u00fcrich rekrutiert f\u00fcr pers\u00f6nliche Assistentenjobs, private Chauffeurjobs, Nannyjobs und mehr.","robots":{"index":"index","follow":"follow","max-snippet":"max-snippet:-1","max-image-preview":"max-image-preview:large","max-video-preview":"max-video-preview:-1"},"canonical":"https:\/\/tiger-recruitment.com\/ch-de\/auf-der-suche-nach-einem-job\/privat\/","og_locale":"de_DE","og_type":"article","og_title":"Private Support-Jobs | Stellenangebote im Bereich Domestic und Family Office","og_description":"Auf der Suche nach Arbeit f\u00fcr Privathaushalte und Family Offices? Tiger Z\u00fcrich rekrutiert f\u00fcr pers\u00f6nliche Assistentenjobs, private Chauffeurjobs, Nannyjobs und mehr.","og_url":"https:\/\/tiger-recruitment.com\/ch-de\/auf-der-suche-nach-einem-job\/privat\/","og_site_name":"Tiger Recruitment","article_publisher":"https:\/\/www.facebook.com\/tigerrecruitment.ltd\/","article_modified_time":"2025-07-01T16:08:59+00:00","twitter_card":"summary_large_image","twitter_site":"@tigerrecruit","schema":{"@context":"https:\/\/schema.org","@graph":[]}},"_links":{"self":[{"href":"https:\/\/tiger-recruitment.com\/ch-de\/wp-json\/wp\/v2\/pages\/1035857","targetHints":{"allow":["GET"]}}],"collection":[{"href":"https:\/\/tiger-recruitment.com\/ch-de\/wp-json\/wp\/v2\/pages"}],"about":[{"href":"https:\/\/tiger-recruitment.com\/ch-de\/wp-json\/wp\/v2\/types\/page"}],"author":[{"embeddable":true,"href":"https:\/\/tiger-recruitment.com\/ch-de\/wp-json\/wp\/v2\/users\/5"}],"replies":[{"embeddable":true,"href":"https:\/\/tiger-recruitment.com\/ch-de\/wp-json\/wp\/v2\/comments?post=1035857"}],"version-history":[{"count":0,"href":"https:\/\/tiger-recruitment.com\/ch-de\/wp-json\/wp\/v2\/pages\/1035857\/revisions"}],"up":[{"embeddable":true,"href":"https:\/\/tiger-recruitment.com\/ch-de\/wp-json\/wp\/v2\/pages\/1035739"}],"wp:attachment":[{"href":"https:\/\/tiger-recruitment.com\/ch-de\/wp-json\/wp\/v2\/media?parent=1035857"}],"curies":[{"name":"wp","href":"https:\/\/api.w.org\/{rel}","templated":true}]}}