{"id":1035850,"date":"2018-03-02T12:56:55","date_gmt":"2018-03-02T12:56:55","guid":{"rendered":"http:\/\/tiger-recruitment.com\/auf-der-suche-nach-einem-job\/private-domestic-jobs\/"},"modified":"2025-07-01T17:10:12","modified_gmt":"2025-07-01T16:10:12","slug":"private-hausliche","status":"publish","type":"page","link":"https:\/\/tiger-recruitment.com\/ch-de\/auf-der-suche-nach-einem-job\/private-hausliche\/","title":{"rendered":"Private H\u00e4usliche"},"content":{"rendered":"","protected":false},"excerpt":{"rendered":"<p>Our Tiger Private consultants are specialists across all levels of private household and domestic support recruitment, from estate manager positions through to private housekeeper jobs and private chauffeur jobs in London and beyond. Whether it&#8217;s a permanent role, or something seasonal, we endeavour to find you the perfect role.<\/p>\n","protected":false},"author":5,"featured_media":0,"parent":1035739,"menu_order":0,"comment_status":"closed","ping_status":"closed","template":"page-blank.php","meta":{"_acf_changed":false,"footnotes":""},"class_list":["post-1035850","page","type-page","status-publish","hentry"],"acf":[],"yoast_head":"<!-- This site is optimized with the Yoast SEO plugin v27.1.1 - https:\/\/yoast.com\/product\/yoast-seo-wordpress\/ -->\n<title>Private h\u00e4usliche Rollen | Jobs im Haushalt | Z\u00fcrich<\/title>\n<meta name=\"description\" content=\"Auf der Suche nach privaten Haushalts- und Hauswirtschaftsjobs in Z\u00fcrich und dar\u00fcber hinaus? Unsere Fachberater helfen Ihnen gerne weiter.\" \/>\n<meta name=\"robots\" content=\"index, follow, max-snippet:-1, max-image-preview:large, max-video-preview:-1\" \/>\n<link rel=\"canonical\" href=\"https:\/\/tiger-recruitment.com\/ch-de\/auf-der-suche-nach-einem-job\/private-hausliche\/\" \/>\n<meta property=\"og:locale\" content=\"de_DE\" \/>\n<meta property=\"og:type\" content=\"article\" \/>\n<meta property=\"og:title\" content=\"Private h\u00e4usliche Rollen | Jobs im Haushalt | Z\u00fcrich\" \/>\n<meta property=\"og:description\" content=\"Auf der Suche nach privaten Haushalts- und Hauswirtschaftsjobs in Z\u00fcrich und dar\u00fcber hinaus? Unsere Fachberater helfen Ihnen gerne weiter.\" \/>\n<meta property=\"og:url\" content=\"https:\/\/tiger-recruitment.com\/ch-de\/auf-der-suche-nach-einem-job\/private-hausliche\/\" \/>\n<meta property=\"og:site_name\" content=\"Tiger Recruitment\" \/>\n<meta property=\"article:publisher\" content=\"https:\/\/www.facebook.com\/tigerrecruitment.ltd\/\" \/>\n<meta property=\"article:modified_time\" content=\"2025-07-01T16:10:12+00:00\" \/>\n<meta name=\"twitter:card\" content=\"summary_large_image\" \/>\n<meta name=\"twitter:site\" content=\"@tigerrecruit\" \/>\n<!-- \/ Yoast SEO plugin. -->","yoast_head_json":{"title":"Private h\u00e4usliche Rollen | Jobs im Haushalt | Z\u00fcrich","description":"Auf der Suche nach privaten Haushalts- und Hauswirtschaftsjobs in Z\u00fcrich und dar\u00fcber hinaus? Unsere Fachberater helfen Ihnen gerne weiter.","robots":{"index":"index","follow":"follow","max-snippet":"max-snippet:-1","max-image-preview":"max-image-preview:large","max-video-preview":"max-video-preview:-1"},"canonical":"https:\/\/tiger-recruitment.com\/ch-de\/auf-der-suche-nach-einem-job\/private-hausliche\/","og_locale":"de_DE","og_type":"article","og_title":"Private h\u00e4usliche Rollen | Jobs im Haushalt | Z\u00fcrich","og_description":"Auf der Suche nach privaten Haushalts- und Hauswirtschaftsjobs in Z\u00fcrich und dar\u00fcber hinaus? Unsere Fachberater helfen Ihnen gerne weiter.","og_url":"https:\/\/tiger-recruitment.com\/ch-de\/auf-der-suche-nach-einem-job\/private-hausliche\/","og_site_name":"Tiger Recruitment","article_publisher":"https:\/\/www.facebook.com\/tigerrecruitment.ltd\/","article_modified_time":"2025-07-01T16:10:12+00:00","twitter_card":"summary_large_image","twitter_site":"@tigerrecruit","schema":{"@context":"https:\/\/schema.org","@graph":[]}},"_links":{"self":[{"href":"https:\/\/tiger-recruitment.com\/ch-de\/wp-json\/wp\/v2\/pages\/1035850","targetHints":{"allow":["GET"]}}],"collection":[{"href":"https:\/\/tiger-recruitment.com\/ch-de\/wp-json\/wp\/v2\/pages"}],"about":[{"href":"https:\/\/tiger-recruitment.com\/ch-de\/wp-json\/wp\/v2\/types\/page"}],"author":[{"embeddable":true,"href":"https:\/\/tiger-recruitment.com\/ch-de\/wp-json\/wp\/v2\/users\/5"}],"replies":[{"embeddable":true,"href":"https:\/\/tiger-recruitment.com\/ch-de\/wp-json\/wp\/v2\/comments?post=1035850"}],"version-history":[{"count":0,"href":"https:\/\/tiger-recruitment.com\/ch-de\/wp-json\/wp\/v2\/pages\/1035850\/revisions"}],"up":[{"embeddable":true,"href":"https:\/\/tiger-recruitment.com\/ch-de\/wp-json\/wp\/v2\/pages\/1035739"}],"wp:attachment":[{"href":"https:\/\/tiger-recruitment.com\/ch-de\/wp-json\/wp\/v2\/media?parent=1035850"}],"curies":[{"name":"wp","href":"https:\/\/api.w.org\/{rel}","templated":true}]}}