{"id":1035834,"date":"2018-01-08T05:44:03","date_gmt":"2018-01-08T05:44:03","guid":{"rendered":"http:\/\/tiger-recruitment.com\/auf-der-suche-nach-einem-job\/permanent\/"},"modified":"2025-07-01T17:03:48","modified_gmt":"2025-07-01T16:03:48","slug":"festanstellungen","status":"publish","type":"page","link":"https:\/\/tiger-recruitment.com\/ch-de\/auf-der-suche-nach-einem-job\/festanstellungen\/","title":{"rendered":"Festanstellungen"},"content":{"rendered":"","protected":false},"excerpt":{"rendered":"<p>Our permanent consultants work across business support, private household, technology and HR. We&#8217;re experts at helping you find your perfect administrative, PA role, HR job, technology job or household job in London and beyond.<br \/>\nWe can assist you with your search for your next exciting permanent job role by giving you exposure to positions at all levels, from entry-level through to senior management, as well as a range of working arrangements, with both part-time and full-time permanent jobs available.<\/p>\n","protected":false},"author":5,"featured_media":0,"parent":1035739,"menu_order":40,"comment_status":"closed","ping_status":"closed","template":"page-blank.php","meta":{"_acf_changed":false,"footnotes":""},"class_list":["post-1035834","page","type-page","status-publish","hentry"],"acf":[],"yoast_head":"<!-- This site is optimized with the Yoast SEO plugin v27.1.1 - https:\/\/yoast.com\/product\/yoast-seo-wordpress\/ -->\n<title>Vollzeit &amp; Teilzeit unbefristete Jobs in der Schweiz<\/title>\n<meta name=\"description\" content=\"Die Berater von Tiger Zurich verf\u00fcgen \u00fcber das n\u00f6tige Fachwissen, um Ihnen dabei zu helfen, den Traumjob in Ihrer N\u00e4he in Z\u00fcrich, Genf und dar\u00fcber hinaus zu finden, von der Perfektionierung Ihres Lebenslaufs bis hin zur Beratung bei Vorstellungsgespr\u00e4chen.\" \/>\n<meta name=\"robots\" content=\"index, follow, max-snippet:-1, max-image-preview:large, max-video-preview:-1\" \/>\n<link rel=\"canonical\" href=\"https:\/\/tiger-recruitment.com\/ch-de\/auf-der-suche-nach-einem-job\/festanstellungen\/\" \/>\n<meta property=\"og:locale\" content=\"de_DE\" \/>\n<meta property=\"og:type\" content=\"article\" \/>\n<meta property=\"og:title\" content=\"Vollzeit &amp; Teilzeit unbefristete Jobs in der Schweiz\" \/>\n<meta property=\"og:description\" content=\"Die Berater von Tiger Zurich verf\u00fcgen \u00fcber das n\u00f6tige Fachwissen, um Ihnen dabei zu helfen, den Traumjob in Ihrer N\u00e4he in Z\u00fcrich, Genf und dar\u00fcber hinaus zu finden, von der Perfektionierung Ihres Lebenslaufs bis hin zur Beratung bei Vorstellungsgespr\u00e4chen.\" \/>\n<meta property=\"og:url\" content=\"https:\/\/tiger-recruitment.com\/ch-de\/auf-der-suche-nach-einem-job\/festanstellungen\/\" \/>\n<meta property=\"og:site_name\" content=\"Tiger Recruitment\" \/>\n<meta property=\"article:publisher\" content=\"https:\/\/www.facebook.com\/tigerrecruitment.ltd\/\" \/>\n<meta property=\"article:modified_time\" content=\"2025-07-01T16:03:48+00:00\" \/>\n<meta name=\"twitter:card\" content=\"summary_large_image\" \/>\n<meta name=\"twitter:site\" content=\"@tigerrecruit\" \/>\n<!-- \/ Yoast SEO plugin. -->","yoast_head_json":{"title":"Vollzeit & Teilzeit unbefristete Jobs in der Schweiz","description":"Die Berater von Tiger Zurich verf\u00fcgen \u00fcber das n\u00f6tige Fachwissen, um Ihnen dabei zu helfen, den Traumjob in Ihrer N\u00e4he in Z\u00fcrich, Genf und dar\u00fcber hinaus zu finden, von der Perfektionierung Ihres Lebenslaufs bis hin zur Beratung bei Vorstellungsgespr\u00e4chen.","robots":{"index":"index","follow":"follow","max-snippet":"max-snippet:-1","max-image-preview":"max-image-preview:large","max-video-preview":"max-video-preview:-1"},"canonical":"https:\/\/tiger-recruitment.com\/ch-de\/auf-der-suche-nach-einem-job\/festanstellungen\/","og_locale":"de_DE","og_type":"article","og_title":"Vollzeit & Teilzeit unbefristete Jobs in der Schweiz","og_description":"Die Berater von Tiger Zurich verf\u00fcgen \u00fcber das n\u00f6tige Fachwissen, um Ihnen dabei zu helfen, den Traumjob in Ihrer N\u00e4he in Z\u00fcrich, Genf und dar\u00fcber hinaus zu finden, von der Perfektionierung Ihres Lebenslaufs bis hin zur Beratung bei Vorstellungsgespr\u00e4chen.","og_url":"https:\/\/tiger-recruitment.com\/ch-de\/auf-der-suche-nach-einem-job\/festanstellungen\/","og_site_name":"Tiger Recruitment","article_publisher":"https:\/\/www.facebook.com\/tigerrecruitment.ltd\/","article_modified_time":"2025-07-01T16:03:48+00:00","twitter_card":"summary_large_image","twitter_site":"@tigerrecruit","schema":{"@context":"https:\/\/schema.org","@graph":[]}},"_links":{"self":[{"href":"https:\/\/tiger-recruitment.com\/ch-de\/wp-json\/wp\/v2\/pages\/1035834","targetHints":{"allow":["GET"]}}],"collection":[{"href":"https:\/\/tiger-recruitment.com\/ch-de\/wp-json\/wp\/v2\/pages"}],"about":[{"href":"https:\/\/tiger-recruitment.com\/ch-de\/wp-json\/wp\/v2\/types\/page"}],"author":[{"embeddable":true,"href":"https:\/\/tiger-recruitment.com\/ch-de\/wp-json\/wp\/v2\/users\/5"}],"replies":[{"embeddable":true,"href":"https:\/\/tiger-recruitment.com\/ch-de\/wp-json\/wp\/v2\/comments?post=1035834"}],"version-history":[{"count":0,"href":"https:\/\/tiger-recruitment.com\/ch-de\/wp-json\/wp\/v2\/pages\/1035834\/revisions"}],"up":[{"embeddable":true,"href":"https:\/\/tiger-recruitment.com\/ch-de\/wp-json\/wp\/v2\/pages\/1035739"}],"wp:attachment":[{"href":"https:\/\/tiger-recruitment.com\/ch-de\/wp-json\/wp\/v2\/media?parent=1035834"}],"curies":[{"name":"wp","href":"https:\/\/api.w.org\/{rel}","templated":true}]}}