{"id":1035760,"date":"2018-01-08T05:10:46","date_gmt":"2018-01-08T05:10:46","guid":{"rendered":"http:\/\/tiger-recruitment.com\/looking-to-recruit\/"},"modified":"2023-12-08T11:11:08","modified_gmt":"2023-12-08T11:11:08","slug":"auf-der-suche-nach-rekruten","status":"publish","type":"page","link":"https:\/\/tiger-recruitment.com\/ch-de\/auf-der-suche-nach-rekruten\/","title":{"rendered":"Auf der Suche nach Rekruten"},"content":{"rendered":"","protected":false},"excerpt":{"rendered":"<p>Top staffing agency in London<br \/>\nTiger Recruitment specialises in recruiting temporary and permanent support staff.<br \/>\nWe are a boutique consultancy made up of experienced consultants who source the best individuals in London and further afield.<\/p>\n","protected":false},"author":5,"featured_media":0,"parent":0,"menu_order":20,"comment_status":"closed","ping_status":"closed","template":"page-blank.php","meta":{"_acf_changed":false,"footnotes":""},"class_list":["post-1035760","page","type-page","status-publish","hentry"],"acf":[],"yoast_head":"<!-- This site is optimized with the Yoast SEO plugin v27.1.1 - https:\/\/yoast.com\/product\/yoast-seo-wordpress\/ -->\n<title>Dienstleistungen und L\u00f6sungen von Personalbeschaffungsspezialisten | Z\u00fcrich<\/title>\n<meta name=\"description\" content=\"Erfahrene Headhunter in der Schweiz, die sowohl tempor\u00e4re als auch dauerhafte Unterst\u00fctzungskr\u00e4fte f\u00fcr Unternehmen und Privatpersonen in Z\u00fcrich, Genf und dar\u00fcber hinaus suchen.\" \/>\n<meta name=\"robots\" content=\"index, follow, max-snippet:-1, max-image-preview:large, max-video-preview:-1\" \/>\n<link rel=\"canonical\" href=\"https:\/\/tiger-recruitment.com\/ch-de\/auf-der-suche-nach-rekruten\/\" \/>\n<meta property=\"og:locale\" content=\"de_DE\" \/>\n<meta property=\"og:type\" content=\"article\" \/>\n<meta property=\"og:title\" content=\"Dienstleistungen und L\u00f6sungen von Personalbeschaffungsspezialisten | Z\u00fcrich\" \/>\n<meta property=\"og:description\" content=\"Erfahrene Headhunter in der Schweiz, die sowohl tempor\u00e4re als auch dauerhafte Unterst\u00fctzungskr\u00e4fte f\u00fcr Unternehmen und Privatpersonen in Z\u00fcrich, Genf und dar\u00fcber hinaus suchen.\" \/>\n<meta property=\"og:url\" content=\"https:\/\/tiger-recruitment.com\/ch-de\/auf-der-suche-nach-rekruten\/\" \/>\n<meta property=\"og:site_name\" content=\"Tiger Recruitment\" \/>\n<meta property=\"article:publisher\" content=\"https:\/\/www.facebook.com\/tigerrecruitment.ltd\/\" \/>\n<meta property=\"article:modified_time\" content=\"2023-12-08T11:11:08+00:00\" \/>\n<meta name=\"twitter:card\" content=\"summary_large_image\" \/>\n<meta name=\"twitter:site\" content=\"@tigerrecruit\" \/>\n<!-- \/ Yoast SEO plugin. -->","yoast_head_json":{"title":"Dienstleistungen und L\u00f6sungen von Personalbeschaffungsspezialisten | Z\u00fcrich","description":"Erfahrene Headhunter in der Schweiz, die sowohl tempor\u00e4re als auch dauerhafte Unterst\u00fctzungskr\u00e4fte f\u00fcr Unternehmen und Privatpersonen in Z\u00fcrich, Genf und dar\u00fcber hinaus suchen.","robots":{"index":"index","follow":"follow","max-snippet":"max-snippet:-1","max-image-preview":"max-image-preview:large","max-video-preview":"max-video-preview:-1"},"canonical":"https:\/\/tiger-recruitment.com\/ch-de\/auf-der-suche-nach-rekruten\/","og_locale":"de_DE","og_type":"article","og_title":"Dienstleistungen und L\u00f6sungen von Personalbeschaffungsspezialisten | Z\u00fcrich","og_description":"Erfahrene Headhunter in der Schweiz, die sowohl tempor\u00e4re als auch dauerhafte Unterst\u00fctzungskr\u00e4fte f\u00fcr Unternehmen und Privatpersonen in Z\u00fcrich, Genf und dar\u00fcber hinaus suchen.","og_url":"https:\/\/tiger-recruitment.com\/ch-de\/auf-der-suche-nach-rekruten\/","og_site_name":"Tiger Recruitment","article_publisher":"https:\/\/www.facebook.com\/tigerrecruitment.ltd\/","article_modified_time":"2023-12-08T11:11:08+00:00","twitter_card":"summary_large_image","twitter_site":"@tigerrecruit","schema":{"@context":"https:\/\/schema.org","@graph":[]}},"_links":{"self":[{"href":"https:\/\/tiger-recruitment.com\/ch-de\/wp-json\/wp\/v2\/pages\/1035760","targetHints":{"allow":["GET"]}}],"collection":[{"href":"https:\/\/tiger-recruitment.com\/ch-de\/wp-json\/wp\/v2\/pages"}],"about":[{"href":"https:\/\/tiger-recruitment.com\/ch-de\/wp-json\/wp\/v2\/types\/page"}],"author":[{"embeddable":true,"href":"https:\/\/tiger-recruitment.com\/ch-de\/wp-json\/wp\/v2\/users\/5"}],"replies":[{"embeddable":true,"href":"https:\/\/tiger-recruitment.com\/ch-de\/wp-json\/wp\/v2\/comments?post=1035760"}],"version-history":[{"count":0,"href":"https:\/\/tiger-recruitment.com\/ch-de\/wp-json\/wp\/v2\/pages\/1035760\/revisions"}],"wp:attachment":[{"href":"https:\/\/tiger-recruitment.com\/ch-de\/wp-json\/wp\/v2\/media?parent=1035760"}],"curies":[{"name":"wp","href":"https:\/\/api.w.org\/{rel}","templated":true}]}}